{"id":48,"date":"2018-03-25T11:28:43","date_gmt":"2018-03-25T09:28:43","guid":{"rendered":"http:\/\/lagalerie-art.de\/knut\/?page_id=48"},"modified":"2018-04-09T12:15:58","modified_gmt":"2018-04-09T10:15:58","slug":"datenschutzerklaerung","status":"publish","type":"page","link":"http:\/\/lagalerie-art.de\/knut\/datenschutzerklaerung\/","title":{"rendered":"Datenschutzerkl\u00e4rung"},"content":{"rendered":"<p><strong>Datenschutzerkl\u00e4rung<\/strong><\/p>\n<p><strong>Geltungsbereich<\/strong><\/p>\n<p>Diese Datenschutzerkl\u00e4rung kl\u00e4rt Nutzer \u00fcber die Art, den Umfang und Zwecke der Erhebung und Verwendung personenbezogener Daten durch den verantwortlichen Anbieter<br \/>\nPrivat Seite von:<\/p>\n<p>Knut<\/p>\n<p>auf dieser Website (im folgenden \u201cAngebot\u201d) auf.<\/p>\n<p>Die rechtlichen Grundlagen des Datenschutzes finden sich im Bundesdatenschutzgesetz (BDSG) und dem Telemediengesetz (TMG).<\/p>\n<p><strong>Zugriffsdaten\/ Server-Logfiles<\/strong><\/p>\n<p><span class=\"ts-muster-content\">Der Anbieter (beziehungsweise sein Webspace-Provider) erhebt Daten \u00fcber jeden Zugriff auf das Angebot (so genannte Serverlogfiles). Zu den Zugriffsdaten geh\u00f6ren:<\/span><\/p>\n<p>Name der abgerufenen Webseite, Datei, Datum und Uhrzeit des Abrufs, \u00fcbertragene Datenmenge, Meldung \u00fcber erfolgreichen Abruf, Browsertyp nebst Version, das Betriebssystem des Nutzers, Referrer URL (die zuvor besuchte Seite), IP-Adresse und der anfragende Provider.<\/p>\n<p>Der Anbieter verwendet die Protokolldaten nur f\u00fcr statistische Auswertungen zum Zweck des Betriebs, der Sicherheit und der Optimierung des Angebotes. Der Anbieterbeh\u00e4lt sich jedoch vor, die Protokolldaten nachtr\u00e4glich zu \u00fcberpr\u00fcfen, wenn aufgrund konkreter Anhaltspunkte der berechtigte Verdacht einer rechtswidrigen Nutzung besteht.<\/p>\n<p><strong>Umgang mit personenbezogenen Daten<\/strong><\/p>\n<p><span class=\"ts-muster-content\">Personenbezogene Daten sind Informationen, mit deren Hilfe eine Person bestimmbar ist, also Angaben, die zur\u00fcck zu einer Person verfolgt werden k\u00f6nnen. Dazu geh\u00f6ren der Name, die Emailadresse oder die Telefonnummer. Aber auch Daten \u00fcber Vorlieben, Hobbies, Mitgliedschaften oder welche Webseiten von jemandem angesehen wurden z\u00e4hlen zu personenbezogenen Daten.<\/span><\/p>\n<p>Personenbezogene Daten werden von dem Anbieter nur dann erhoben, genutzt und weiter gegeben, wenn dies gesetzlich erlaubt ist oder die Nutzer in die Datenerhebung einwilligen.<\/p>\n<p><strong>Kontaktaufnahme<\/strong><\/p>\n<p><span class=\"ts-muster-content\">Bei der Kontaktaufnahme mit dem Anbieter (zum Beispiel per Kontaktformular oder E-Mail) werden die Angaben des Nutzers zwecks Bearbeitung der Anfrage sowie f\u00fcr den Fall, dass Anschlussfragen entstehen, gespeichert.<\/span><\/p>\n<p><strong>Kommentare und Beitr\u00e4ge<\/strong><\/p>\n<p><span class=\"ts-muster-content\">Wenn Nutzer Kommentare im Blog oder sonstige Beitr\u00e4ge hinterlassen, werden ihre IP-Adressen gespeichert. Das erfolgt zur Sicherheit des Anbieters, falls jemand in Kommentaren und Beitr\u00e4gen widerrechtliche Inhalte schreibt (Beleidigungen, verbotene politische Propaganda, etc.). In diesem Fall kann der Anbieter selbst f\u00fcr den Kommentar oder Beitrag belangt werden und ist daher an der Identit\u00e4t des Verfassers interessiert.<\/span><\/p>\n<p><strong>Kommentarabonnements<\/strong><\/p>\n<p><span class=\"ts-muster-content\">Die Nachfolgekommentare k\u00f6nnen durch Nutzer abonniert werden. Die Nutzer erhalten eine Best\u00e4tigungsemail, um zu \u00fcberpr\u00fcfen, ob sie der Inhaber der eingegebenen Emailadresse sind. Nutzer k\u00f6nnen laufende Kommentarabonnements jederzeit abbestellen. Die Best\u00e4tigungsemail wird Hinweise dazu enthalten.<\/span><\/p>\n<p><strong>Newsletter<\/strong><\/p>\n<p><span class=\"ts-muster-content\">Mit dem Newsletter informieren wir Sie \u00fcber uns und unsere Angebote.<\/span><\/p>\n<p>Wenn Sie den Newsletter empfangen m\u00f6chten, ben\u00f6tigen wir von Ihnen eine valide Email-Adresse sowie Informationen, die uns die \u00dcberpr\u00fcfung gestatten, dass Sie der Inhaber der angegebenen Email-Adresse sind bzw. deren Inhaber mit dem Empfang des Newsletters einverstanden ist. Weitere Daten werden nicht erhoben. Diese Daten werden nur f\u00fcr den Versand der Newsletter verwendet und werden nicht an Dritte weiter gegeben.<\/p>\n<p>Mit der Anmeldung zum Newsletter speichern wir Ihre IP-Adresse und das Datum der Anmeldung. Diese Speicherung dient alleine dem Nachweis im Fall, dass ein Dritter eine Emailadresse missbraucht und sich ohne Wissen des Berechtigten f\u00fcr den Newsletterempfang anmeldet.<\/p>\n<p>Ihre Einwilligung zur Speicherung der Daten, der Email-Adresse sowie deren Nutzung zum Versand des Newsletters k\u00f6nnen Sie jederzeit widerrufen. Der Widerruf kann \u00fcber einen Link in den Newslettern selbst, in Ihrem Profilbereich oder per Mitteilung an die oben stehenden Kontaktm\u00f6glichkeiten erfolgen.<\/p>\n<p><strong>Einbindung von Diensten und Inhalten Dritter<\/strong><\/p>\n<p><span class=\"ts-muster-content\">Es kann vorkommen, dass innerhalb dieses Onlineangebotes Inhalte Dritter, wie zum Beispiel Videos von YouTube, Kartenmaterial von Google-Maps, RSS-Feeds oder Grafiken von anderen Webseiten eingebunden werden. Dies setzt immer voraus, dass die Anbieter dieser Inhalte (nachfolgend bezeichnet als &#8222;Dritt-Anbieter&#8220;) die IP-Adresse der Nutzer wahr nehmen. Denn ohne die IP-Adresse, k\u00f6nnten sie die Inhalte nicht an den Browser des jeweiligen Nutzers senden. Die IP-Adresse ist damit f\u00fcr die Darstellung dieser Inhalte erforderlich. Wir bem\u00fchen uns nur solche Inhalte zu verwenden, deren jeweilige Anbieter die IP-Adresse lediglich zur Auslieferung der Inhalte verwenden. Jedoch haben wir keinen Einfluss darauf, falls die Dritt-Anbieter die IP-Adresse z.B. f\u00fcr statistische Zwecke speichern. Soweit dies uns bekannt ist, kl\u00e4ren wir die Nutzer dar\u00fcber auf.<br \/>\n<\/span><\/p>\n<p><strong>Cookies<\/strong><\/p>\n<p><span class=\"ts-muster-content\">Cookies sind kleine Dateien, die es erm\u00f6glichen, auf dem Zugriffsger\u00e4t der Nutzer (PC, Smartphone o.\u00e4.) spezifische, auf das Ger\u00e4t bezogene Informationen zu speichern. Sie dienen zum einem der Benutzerfreundlichkeit von Webseiten und damit den Nutzern (z.B. Speicherung von Logindaten). Zum anderen dienen sie, um die statistische Daten der Webseitennutzung zu erfassen und sie zwecks Verbesserung des Angebotes analysieren zu k\u00f6nnen. Die Nutzer k\u00f6nnen auf den Einsatz der Cookies Einfluss nehmen. Die meisten Browser verf\u00fcgen eine Option mit der das Speichern von Cookies eingeschr\u00e4nkt oder komplett verhindert wird. Allerdings wird darauf hingewiesen, dass die Nutzung und insbesondere der Nutzungskomfort ohne Cookies eingeschr\u00e4nkt werden.<br \/>\ninsbesondere der Nutzungskomfort ohne Cookies eingeschr\u00e4nkt werden.&lt;br \/&gt;<\/span><\/p>\n","protected":false},"excerpt":{"rendered":"<p>Datenschutzerkl\u00e4rung Geltungsbereich Diese Datenschutzerkl\u00e4rung kl\u00e4rt Nutzer \u00fcber die Art, den Umfang und Zwecke der Erhebung und Verwendung personenbezogener Daten durch den verantwortlichen Anbieter Privat Seite von: Knut auf dieser Website (im folgenden \u201cAngebot\u201d) auf. Die rechtlichen Grundlagen des Datenschutzes finden <span class=\"excerpt-dots\">&hellip;<\/span> <a class=\"more-link\" href=\"http:\/\/lagalerie-art.de\/knut\/datenschutzerklaerung\/\"><span class=\"more-msg\">Weiterlesen &rarr;<\/span><\/a><\/p>\n","protected":false},"author":1,"featured_media":0,"parent":0,"menu_order":0,"comment_status":"closed","ping_status":"closed","template":"","meta":{"jetpack_post_was_ever_published":false,"footnotes":""},"jetpack_sharing_enabled":true,"jetpack_shortlink":"https:\/\/wp.me\/P9Mg1s-M","jetpack_likes_enabled":true,"jetpack-related-posts":[{"id":99,"url":"http:\/\/lagalerie-art.de\/knut\/impressum\/","url_meta":{"origin":48,"position":0},"title":"Impressum","author":"knut","date":"27. M\u00e4rz 2018","format":false,"excerpt":"Im_press_um Angaben gem\u00e4\u00df \u00a7 5 TMG Knut Kub_ein Vertreten durch: Knut Kub_ein Kontakt: Telefon:\u00a0 (0049)_)_ 6703_ 300_944 E-Mail: info_ )_(at)_( _lagalerie-art.de \u00a0 \u00a0 Verantwortlich f\u00fcr den Inhalt nach \u00a7 55 Abs. 2 RStV: Knut Kub_ein Haftungsausschluss: Haftung f\u00fcr Inhalte Die Inhalte unserer Seiten wurden mit gr\u00f6\u00dfter Sorgfalt erstellt. F\u00fcr die\u2026","rel":"","context":"\u00c4hnlicher Beitrag","block_context":{"text":"\u00c4hnlicher Beitrag","link":""},"img":{"alt_text":"","src":"https:\/\/i0.wp.com\/lagalerie-art.de\/knut\/wp-content\/uploads\/2018\/03\/DSC02349-300x225.jpg?resize=350%2C200","width":350,"height":200},"classes":[]},{"id":18,"url":"http:\/\/lagalerie-art.de\/knut\/","url_meta":{"origin":48,"position":1},"title":"Startseite","author":"knut","date":"25. M\u00e4rz 2018","format":false,"excerpt":"Willkommen auf Knut 's\u00a0 Webseite Hier ensteht meine Drechsel und Fotographie Seite This will be my new Website for Woodturning and Photagraphy","rel":"","context":"\u00c4hnlicher Beitrag","block_context":{"text":"\u00c4hnlicher Beitrag","link":""},"img":{"alt_text":"","src":"","width":0,"height":0},"classes":[]},{"id":19,"url":"http:\/\/lagalerie-art.de\/knut\/startseite\/ueber-mich\/","url_meta":{"origin":48,"position":2},"title":"Fotographien","author":"knut","date":"25. M\u00e4rz 2018","format":false,"excerpt":"Seit dem Jahr 2000 \u00fcbe ich mich in der Digitalen Fotographie angefangen habe ich mit einer Powershot G1 danach eine Canon EOS 300D und seit letzdem Jahr eine Canon EOS 80 vor der Digitalen Fotografie war ich mit einer Analogen Canon AE1 Program unterwegs welche mir viele Jahre gute Bilder\u2026","rel":"","context":"\u00c4hnlicher Beitrag","block_context":{"text":"\u00c4hnlicher Beitrag","link":""},"img":{"alt_text":"","src":"https:\/\/i0.wp.com\/lagalerie-art.de\/knut\/wp-content\/uploads\/2018\/03\/Mayflower-100-0058_IMG.jpg?fit=1200%2C582&resize=350%2C200","width":350,"height":200,"srcset":"https:\/\/i0.wp.com\/lagalerie-art.de\/knut\/wp-content\/uploads\/2018\/03\/Mayflower-100-0058_IMG.jpg?fit=1200%2C582&resize=350%2C200 1x, https:\/\/i0.wp.com\/lagalerie-art.de\/knut\/wp-content\/uploads\/2018\/03\/Mayflower-100-0058_IMG.jpg?fit=1200%2C582&resize=525%2C300 1.5x, https:\/\/i0.wp.com\/lagalerie-art.de\/knut\/wp-content\/uploads\/2018\/03\/Mayflower-100-0058_IMG.jpg?fit=1200%2C582&resize=700%2C400 2x, https:\/\/i0.wp.com\/lagalerie-art.de\/knut\/wp-content\/uploads\/2018\/03\/Mayflower-100-0058_IMG.jpg?fit=1200%2C582&resize=1050%2C600 3x"},"classes":[]}],"_links":{"self":[{"href":"http:\/\/lagalerie-art.de\/knut\/wp-json\/wp\/v2\/pages\/48"}],"collection":[{"href":"http:\/\/lagalerie-art.de\/knut\/wp-json\/wp\/v2\/pages"}],"about":[{"href":"http:\/\/lagalerie-art.de\/knut\/wp-json\/wp\/v2\/types\/page"}],"author":[{"embeddable":true,"href":"http:\/\/lagalerie-art.de\/knut\/wp-json\/wp\/v2\/users\/1"}],"replies":[{"embeddable":true,"href":"http:\/\/lagalerie-art.de\/knut\/wp-json\/wp\/v2\/comments?post=48"}],"version-history":[{"count":4,"href":"http:\/\/lagalerie-art.de\/knut\/wp-json\/wp\/v2\/pages\/48\/revisions"}],"predecessor-version":[{"id":121,"href":"http:\/\/lagalerie-art.de\/knut\/wp-json\/wp\/v2\/pages\/48\/revisions\/121"}],"wp:attachment":[{"href":"http:\/\/lagalerie-art.de\/knut\/wp-json\/wp\/v2\/media?parent=48"}],"curies":[{"name":"wp","href":"https:\/\/api.w.org\/{rel}","templated":true}]}}